{"id":284,"date":"2025-10-18T18:30:22","date_gmt":"2025-10-18T18:30:22","guid":{"rendered":"https:\/\/beaesthetic.com.mx\/?page_id=284"},"modified":"2025-10-25T01:11:24","modified_gmt":"2025-10-25T01:11:24","slug":"inicio","status":"publish","type":"page","link":"https:\/\/beaesthetic.com.mx\/","title":{"rendered":"Inicio"},"content":{"rendered":"\t\t<div data-elementor-type=\"wp-page\" data-elementor-id=\"284\" class=\"elementor elementor-284\" data-elementor-post-type=\"page\">\n\t\t\t\t<div class=\"elementor-element elementor-element-9d3c500 e-con-full e-flex e-con e-parent\" data-id=\"9d3c500\" data-element_type=\"container\" data-e-type=\"container\" data-settings=\"{&quot;background_background&quot;:&quot;video&quot;,&quot;background_video_link&quot;:&quot;https:\\\/\\\/www.youtube.com\\\/watch?v=3cccsst9OKk&quot;,&quot;background_video_start&quot;:33,&quot;background_video_end&quot;:42}\">\n\t\t<div class=\"elementor-background-video-container elementor-hidden-mobile\">\n\t\t\t\t\t\t\t<div class=\"elementor-background-video-embed\" role=\"presentation\"><\/div>\n\t\t\t\t\t\t<\/div><div class=\"elementor-element elementor-element-b8434e1 e-con-full e-flex e-con e-child\" data-id=\"b8434e1\" data-element_type=\"container\" data-e-type=\"container\">\n\t\t\t\t<div class=\"elementor-element elementor-element-ded5b17 elementor-widget elementor-widget-heading\" data-id=\"ded5b17\" data-element_type=\"widget\" data-e-type=\"widget\" data-widget_type=\"heading.default\">\n\t\t\t\t\t<h2 class=\"elementor-heading-title elementor-size-default\">TRANSFORMA TU CUERPO Y TU MENTE<\/h2>\t\t\t\t<\/div>\n\t\t\t\t<div class=\"elementor-element elementor-element-1091fc5 elementor-widget elementor-widget-text-editor\" data-id=\"1091fc5\" data-element_type=\"widget\" data-e-type=\"widget\" data-widget_type=\"text-editor.default\">\n\t\t\t\t\t\t\t\t\t<p>PROGRAMA INTEGRAL DE NUTRICI\u00d3N, ENTRENAMIENTO Y BIENESTAR.<\/p>\t\t\t\t\t\t\t\t<\/div>\n\t\t\t\t<div class=\"elementor-element elementor-element-24ed982 elementor-align-center elementor-widget elementor-widget-button\" data-id=\"24ed982\" data-element_type=\"widget\" data-e-type=\"widget\" data-widget_type=\"button.default\">\n\t\t\t\t\t\t\t\t\t\t<a class=\"elementor-button elementor-button-link elementor-size-sm\" href=\"#\">\n\t\t\t\t\t\t<span class=\"elementor-button-content-wrapper\">\n\t\t\t\t\t\t\t\t\t<span class=\"elementor-button-text\">Comienza tu asesor\u00eda online<\/span>\n\t\t\t\t\t<\/span>\n\t\t\t\t\t<\/a>\n\t\t\t\t\t\t\t\t<\/div>\n\t\t\t\t<\/div>\n\t\t\t\t<\/div>\n\t\t<div class=\"elementor-element elementor-element-e856f6e e-con-full as-slider e-flex e-con e-parent\" data-id=\"e856f6e\" data-element_type=\"container\" data-e-type=\"container\" data-settings=\"{&quot;background_background&quot;:&quot;classic&quot;}\">\n\t\t<div class=\"elementor-element elementor-element-e4b21e6 e-con-full as-changing-widget e-flex e-con e-child\" data-id=\"e4b21e6\" data-element_type=\"container\" data-e-type=\"container\">\n\t\t<div class=\"elementor-element elementor-element-747baea e-con-full as-bar e-flex e-con e-child\" data-id=\"747baea\" data-element_type=\"container\" data-e-type=\"container\">\n\t\t\t\t<\/div>\n\t\t<div class=\"elementor-element elementor-element-0eaf9c0 e-con-full e-flex e-con e-child\" data-id=\"0eaf9c0\" data-element_type=\"container\" data-e-type=\"container\">\n\t\t<div class=\"elementor-element elementor-element-aefdbf5 e-con-full as-changing-widget e-flex e-con e-child\" data-id=\"aefdbf5\" data-element_type=\"container\" data-e-type=\"container\">\n\t\t\t\t<div class=\"elementor-element elementor-element-54e8e48 elementor-widget elementor-widget-heading\" data-id=\"54e8e48\" data-element_type=\"widget\" data-e-type=\"widget\" data-widget_type=\"heading.default\">\n\t\t\t\t\t<h2 class=\"elementor-heading-title elementor-size-default\">Sin atajos, sin soluciones gen\u00e9ricas. Solo estrategias reales, dise\u00f1adas para ti. <\/h2>\t\t\t\t<\/div>\n\t\t\t\t<div class=\"elementor-element elementor-element-db66247 elementor-widget elementor-widget-heading\" data-id=\"db66247\" data-element_type=\"widget\" data-e-type=\"widget\" data-widget_type=\"heading.default\">\n\t\t\t\t\t<h2 class=\"elementor-heading-title elementor-size-default\">Basado en ciencia y resultados reales.<\/h2>\t\t\t\t<\/div>\n\t\t\t\t<div class=\"elementor-element elementor-element-d234df6 elementor-widget elementor-widget-heading\" data-id=\"d234df6\" data-element_type=\"widget\" data-e-type=\"widget\" data-widget_type=\"heading.default\">\n\t\t\t\t\t<h2 class=\"elementor-heading-title elementor-size-default\">Asesor\u00edas 100% online y personalizadas.<\/h2>\t\t\t\t<\/div>\n\t\t\t\t<div class=\"elementor-element elementor-element-8b06a0f elementor-widget elementor-widget-heading\" data-id=\"8b06a0f\" data-element_type=\"widget\" data-e-type=\"widget\" data-widget_type=\"heading.default\">\n\t\t\t\t\t<h2 class=\"elementor-heading-title elementor-size-default\">Entrenamientos dise\u00f1ados para ti<\/h2>\t\t\t\t<\/div>\n\t\t\t\t<div class=\"elementor-element elementor-element-413c480 elementor-widget elementor-widget-heading\" data-id=\"413c480\" data-element_type=\"widget\" data-e-type=\"widget\" data-widget_type=\"heading.default\">\n\t\t\t\t\t<h2 class=\"elementor-heading-title elementor-size-default\">Equipo multidisciplinario.<\/h2>\t\t\t\t<\/div>\n\t\t\t\t<div class=\"elementor-element elementor-element-1fe14c6 elementor-widget elementor-widget-heading\" data-id=\"1fe14c6\" data-element_type=\"widget\" data-e-type=\"widget\" data-widget_type=\"heading.default\">\n\t\t\t\t\t<h2 class=\"elementor-heading-title elementor-size-default\">SIN ATAJOS, SIN SOLUCIONES GEN\u00c9RICAS. SOLO ESTRATEGIAS REALES, DISE\u00d1ADAS PARA TI.<\/h2>\t\t\t\t<\/div>\n\t\t\t\t<\/div>\n\t\t\t\t<\/div>\n\t\t\t\t<\/div>\n\t\t<div class=\"elementor-element elementor-element-3b7dba6 e-con-full e-flex e-con e-child\" data-id=\"3b7dba6\" data-element_type=\"container\" data-e-type=\"container\">\n\t\t\t\t<div class=\"elementor-element elementor-element-dc99d7f elementor-widget elementor-widget-html\" data-id=\"dc99d7f\" data-element_type=\"widget\" data-e-type=\"widget\" data-widget_type=\"html.default\">\n\t\t\t\t\t<script src=\"https:\/\/code.jquery.com\/jquery-3.6.0.min.js\"><\/script>\n\n<script>\n\nvar $ = jQuery\n    \n$(document).ready(function(){\n\n$('.as-slider').each(function(){\n\nvar $this = $(this),\n    currentSlide = 0,\n    previousSlide = 0,\n    slideNumber = $this.find('.as-side-slider .swiper-slide:not(.swiper-slide-duplicate)').length,\n    barHTML = '',\n    forward,\n    textContainer = $this.find('.as-changing-widget')\n   \nfor(var i=0; i<slideNumber;i++){\n\n    barHTML += `<span class=\"dot\"><span class=\"dot-number\">${i+1}<\/span><\/span>`\n}\n\n$this.find('.as-bar .dot').remove()\n$this.find('.as-bar').append(barHTML)\n$this.find('.as-bar .dot').eq(0).addClass('active')\n    \ntextContainer.each(function(){\n    var texts = $(this).find('.elementor-widget').eq(0)\n    texts.addClass('currentUp')\n    $(this).css('--h', texts.height()+'px')\n})\n\nsetTimeout(function(){\n    $this.addClass('loaded')\n    if($this.find('.as-side-slider .swiper-container-initialized, .as-side-slider .swiper-initialized').length){\n        $this.find('.as-side-slider').addClass('loaded')\n    }\n\n    var init = setInterval(function(){\n        if($this.find('.as-side-slider .swiper-container-initialized, .as-side-slider .swiper-initialized').length){\n\n            $this.find('.as-side-slider').addClass('loaded')\n            clearInterval(init)\n        }\n    },50)\n}, 500)\n\nvar bgs = JSON.parse($this.attr('data-settings')).background_slideshow_gallery,\n    bgHTML = '<div class=\"as-slider-background\">'\n\nif(bgs){\n    bgs.forEach(function(background){\n        bgHTML += `<img decoding=\"async\" src=\"${background.url}\"\/>`\n    })\n}\nbgHTML += '<\/div>'\n\n$this.find('.as-slider-background').remove()\n$this.prepend(bgHTML)\n\nvar backgrounds = $this.find('.as-slider-background img')\n\nbackgrounds.eq(0).addClass('currentForward')\n\nsetInterval(function(){\n    currentSlide = $this.find('.as-side-slider .swiper-slide-active').attr('data-swiper-slide-index')\n    if(previousSlide != currentSlide) {\n\n        if( previousSlide < currentSlide ){\n            forward = true\n        }\n        if( previousSlide > currentSlide ){\n            forward = false\n        }\n        if( previousSlide == slideNumber - 1 && currentSlide == 0 ){\n            forward = true\n        }\n        if( previousSlide == 0 && currentSlide == slideNumber - 1 ){\n            forward = false\n        }\n        textContainer.each(function(){\n            var texts = $(this).find('.elementor-widget')\n            \n            $(this).css('--h', texts.eq(currentSlide).height()+'px')\n            \n            texts.removeClass('prev next currentUp currentDown')\n            backgrounds.removeClass('prev currentBackward currentForward')\n            \n            backgrounds.eq(previousSlide).addClass('prev')\n            \n            if(forward) {\n                texts.eq(previousSlide).addClass('prev')\n                texts.eq(currentSlide).addClass('currentUp')\n                \n                backgrounds.eq(currentSlide).addClass('currentForward')\n                \n            }else{\n                texts.eq(previousSlide).addClass('next')\n                texts.eq(currentSlide).addClass('currentDown')\n\n                backgrounds.eq(currentSlide).addClass('currentBackward')\n            }\n        })\n        \n        $this.find('.as-bar .dot').removeClass('active')\n        $this.find('.as-bar .dot').eq(currentSlide).addClass('active')\n    }\n    previousSlide = currentSlide\n}, 500)\n\n$this.find('.as-bar .dot').on('click', function(){\n    \n    var index = $(this).index()\n    \n    $this.find('.as-side-slider .swiper-pagination-bullet').eq(index).trigger('click')\n    $this.find('.as-side-slider .swiper-container').trigger('mouseleave')\n    \n})\n$this.find('.as-slider-left').on('click', function(){\n    \n    $this.find('.as-side-slider .elementor-swiper-button-prev').trigger('click')\n    $this.find('.as-side-slider .elementor-swiper').trigger('mouseleave')\n})\n$this.find('.as-slider-right').on('click', function(){\n    \n    $this.find('.as-side-slider .elementor-swiper-button-next').trigger('click')\n    $this.find('.as-side-slider .elementor-swiper').trigger('mouseleave')\n})\n$this.find('.as-slider-left a, .as-slider-right a').on('click', function(e){\n    \n    e.preventDefault()\n})\n\n})\n})\n\n$(window).on('resize', function(){\n    \n    \n$('.as-slider').each(function(){\n    \n    var textContainer = $(this).find('.as-changing-widget')\n    \n    textContainer.each(function(){\n        var texts = $(this).find('.elementor-widget.currentUp, .elementor-widget.currentDown')\n    \n        $(this).css('--h', texts.height()+'px')\n    })\n})\n})\n\n<\/script>\t\t\t\t<\/div>\n\t\t\t\t<div class=\"elementor-element elementor-element-3311c4e elementor-testimonial--align-left as-side-slider elementor-testimonial--skin-default elementor-testimonial--layout-image_inline elementor-arrows-yes elementor-pagination-type-bullets elementor-widget elementor-widget-testimonial-carousel\" data-id=\"3311c4e\" data-element_type=\"widget\" data-e-type=\"widget\" data-settings=\"{&quot;slides_per_view&quot;:&quot;2&quot;,&quot;space_between&quot;:{&quot;unit&quot;:&quot;px&quot;,&quot;size&quot;:30,&quot;sizes&quot;:[]},&quot;show_arrows&quot;:&quot;yes&quot;,&quot;pagination&quot;:&quot;bullets&quot;,&quot;speed&quot;:500,&quot;loop&quot;:&quot;yes&quot;,&quot;space_between_tablet&quot;:{&quot;unit&quot;:&quot;px&quot;,&quot;size&quot;:10,&quot;sizes&quot;:[]},&quot;space_between_mobile&quot;:{&quot;unit&quot;:&quot;px&quot;,&quot;size&quot;:10,&quot;sizes&quot;:[]}}\" data-widget_type=\"testimonial-carousel.default\">\n\t\t\t\t\t\t\t\t\t\t<div class=\"elementor-main-swiper swiper\" role=\"region\" aria-roledescription=\"carousel\" aria-label=\"Slides\">\n\t\t\t\t<div class=\"swiper-wrapper\">\n\t\t\t\t\t\t\t\t\t\t\t<div class=\"swiper-slide\" role=\"group\" aria-roledescription=\"slide\">\n\t\t\t\t\t\t\t\t\t<div class=\"elementor-testimonial\">\n\t\t\t\t\t\t<div class=\"elementor-testimonial__footer\">\n\t\t\t\t\t\t\t\t\t<div class=\"elementor-testimonial__image\">\n\t\t\t\t\t\t<img decoding=\"async\" src=\"https:\/\/beaesthetic.com.mx\/wp-content\/uploads\/2025\/10\/e59c687f922c583874611433b37b9eeb-1.webp\" alt=\"Esto es Aesthetic.\">\n\t\t\t\t\t\t\t\t\t\t\t<\/div>\n\t\t\t\t\t\t\t\t<cite class=\"elementor-testimonial__cite\"><span class=\"elementor-testimonial__name\">Esto es Aesthetic.<\/span><\/cite>\t\t\t<\/div>\n\t\t<\/div>\n\t\t\t\t\t\t\t\t<\/div>\n\t\t\t\t\t\t\t\t\t\t\t<div class=\"swiper-slide\" role=\"group\" aria-roledescription=\"slide\">\n\t\t\t\t\t\t\t\t\t<div class=\"elementor-testimonial\">\n\t\t\t\t\t\t<div class=\"elementor-testimonial__footer\">\n\t\t\t\t\t\t\t\t\t<div class=\"elementor-testimonial__image\">\n\t\t\t\t\t\t<img decoding=\"async\" src=\"https:\/\/beaesthetic.com.mx\/wp-content\/uploads\/2025\/10\/6be9d25501dd4444c9e2a2fa884d2e1f.webp\" alt=\"Cada programa parte de evaluaciones y an\u00e1lisis objetivos.\">\n\t\t\t\t\t\t\t\t\t\t\t<\/div>\n\t\t\t\t\t\t\t\t<cite class=\"elementor-testimonial__cite\"><span class=\"elementor-testimonial__name\">Cada programa parte de evaluaciones y an\u00e1lisis objetivos.<\/span><\/cite>\t\t\t<\/div>\n\t\t<\/div>\n\t\t\t\t\t\t\t\t<\/div>\n\t\t\t\t\t\t\t\t\t\t\t<div class=\"swiper-slide\" role=\"group\" aria-roledescription=\"slide\">\n\t\t\t\t\t\t\t\t\t<div class=\"elementor-testimonial\">\n\t\t\t\t\t\t<div class=\"elementor-testimonial__footer\">\n\t\t\t\t\t\t\t\t\t<div class=\"elementor-testimonial__image\">\n\t\t\t\t\t\t<img decoding=\"async\" src=\"https:\/\/beaesthetic.com.mx\/wp-content\/uploads\/2025\/10\/1575a037b34fc0c6710bb74b37fb6147.webp\" alt=\"Valoraci\u00f3n inicial por videollamada y seguimiento continuo.\">\n\t\t\t\t\t\t\t\t\t\t\t<\/div>\n\t\t\t\t\t\t\t\t<cite class=\"elementor-testimonial__cite\"><span class=\"elementor-testimonial__name\">Valoraci\u00f3n inicial por videollamada y seguimiento continuo.<\/span><\/cite>\t\t\t<\/div>\n\t\t<\/div>\n\t\t\t\t\t\t\t\t<\/div>\n\t\t\t\t\t\t\t\t\t\t\t<div class=\"swiper-slide\" role=\"group\" aria-roledescription=\"slide\">\n\t\t\t\t\t\t\t\t\t<div class=\"elementor-testimonial\">\n\t\t\t\t\t\t<div class=\"elementor-testimonial__footer\">\n\t\t\t\t\t\t\t\t\t<div class=\"elementor-testimonial__image\">\n\t\t\t\t\t\t<img decoding=\"async\" src=\"https:\/\/beaesthetic.com.mx\/wp-content\/uploads\/2025\/10\/adf34a80171a25d3dd5e50e1d0d77369.webp\" alt=\"Adaptados a tu entorno: gimnasio, casa o funcional.\">\n\t\t\t\t\t\t\t\t\t\t\t<\/div>\n\t\t\t\t\t\t\t\t<cite class=\"elementor-testimonial__cite\"><span class=\"elementor-testimonial__name\">Adaptados a tu entorno: gimnasio, casa o funcional.<\/span><\/cite>\t\t\t<\/div>\n\t\t<\/div>\n\t\t\t\t\t\t\t\t<\/div>\n\t\t\t\t\t\t\t\t\t\t\t<div class=\"swiper-slide\" role=\"group\" aria-roledescription=\"slide\">\n\t\t\t\t\t\t\t\t\t<div class=\"elementor-testimonial\">\n\t\t\t\t\t\t<div class=\"elementor-testimonial__footer\">\n\t\t\t\t\t\t\t\t\t<div class=\"elementor-testimonial__image\">\n\t\t\t\t\t\t<img decoding=\"async\" src=\"https:\/\/beaesthetic.com.mx\/wp-content\/uploads\/2025\/10\/2a18e5eef76d32c74ea55737767f944f.webp\" alt=\"M\u00e9dicos, nutri\u00f3logas y entrenadores trabajando juntos por tu salud.\">\n\t\t\t\t\t\t\t\t\t\t\t<\/div>\n\t\t\t\t\t\t\t\t<cite class=\"elementor-testimonial__cite\"><span class=\"elementor-testimonial__name\">M\u00e9dicos, nutri\u00f3logas y entrenadores trabajando juntos por tu salud.<\/span><\/cite>\t\t\t<\/div>\n\t\t<\/div>\n\t\t\t\t\t\t\t\t<\/div>\n\t\t\t\t\t\t\t\t\t<\/div>\n\t\t\t\t\t\t\t\t\t\t\t\t\t\t\t<div class=\"elementor-swiper-button elementor-swiper-button-prev\" role=\"button\" tabindex=\"0\" aria-label=\"Previous\">\n\t\t\t\t\t\t\t<svg aria-hidden=\"true\" class=\"e-font-icon-svg e-eicon-chevron-left\" viewBox=\"0 0 1000 1000\" xmlns=\"http:\/\/www.w3.org\/2000\/svg\"><path d=\"M646 125C629 125 613 133 604 142L308 442C296 454 292 471 292 487 292 504 296 521 308 533L604 854C617 867 629 875 646 875 663 875 679 871 692 858 704 846 713 829 713 812 713 796 708 779 692 767L438 487 692 225C700 217 708 204 708 187 708 171 704 154 692 142 675 129 663 125 646 125Z\"><\/path><\/svg>\t\t\t\t\t\t<\/div>\n\t\t\t\t\t\t<div class=\"elementor-swiper-button elementor-swiper-button-next\" role=\"button\" tabindex=\"0\" aria-label=\"Next\">\n\t\t\t\t\t\t\t<svg aria-hidden=\"true\" class=\"e-font-icon-svg e-eicon-chevron-right\" viewBox=\"0 0 1000 1000\" xmlns=\"http:\/\/www.w3.org\/2000\/svg\"><path d=\"M696 533C708 521 713 504 713 487 713 471 708 454 696 446L400 146C388 133 375 125 354 125 338 125 325 129 313 142 300 154 292 171 292 187 292 204 296 221 308 233L563 492 304 771C292 783 288 800 288 817 288 833 296 850 308 863 321 871 338 875 354 875 371 875 388 867 400 854L696 533Z\"><\/path><\/svg>\t\t\t\t\t\t<\/div>\n\t\t\t\t\t\t\t\t\t\t\t\t\t\t\t\t<div class=\"swiper-pagination\"><\/div>\n\t\t\t\t\t\t\t\t\t\t\t\t<\/div>\n\t\t\t\t\t\t\t\t<\/div>\n\t\t<div class=\"elementor-element elementor-element-7877c96 e-con-full e-flex e-con e-child\" data-id=\"7877c96\" data-element_type=\"container\" data-e-type=\"container\">\n\t\t\t\t<div class=\"elementor-element elementor-element-8c89aff as-slider-left elementor-widget elementor-widget-button\" data-id=\"8c89aff\" data-element_type=\"widget\" data-e-type=\"widget\" data-widget_type=\"button.default\">\n\t\t\t\t\t\t\t\t\t\t<a class=\"elementor-button elementor-button-link elementor-size-sm\" href=\"#\">\n\t\t\t\t\t\t<span class=\"elementor-button-content-wrapper\">\n\t\t\t\t\t\t<span class=\"elementor-button-icon\">\n\t\t\t\t<svg aria-hidden=\"true\" class=\"e-font-icon-svg e-fas-arrow-left\" viewBox=\"0 0 448 512\" xmlns=\"http:\/\/www.w3.org\/2000\/svg\"><path d=\"M257.5 445.1l-22.2 22.2c-9.4 9.4-24.6 9.4-33.9 0L7 273c-9.4-9.4-9.4-24.6 0-33.9L201.4 44.7c9.4-9.4 24.6-9.4 33.9 0l22.2 22.2c9.5 9.5 9.3 25-.4 34.3L136.6 216H424c13.3 0 24 10.7 24 24v32c0 13.3-10.7 24-24 24H136.6l120.5 114.8c9.8 9.3 10 24.8.4 34.3z\"><\/path><\/svg>\t\t\t<\/span>\n\t\t\t\t\t\t\t\t<\/span>\n\t\t\t\t\t<\/a>\n\t\t\t\t\t\t\t\t<\/div>\n\t\t\t\t<div class=\"elementor-element elementor-element-c97656c as-slider-right elementor-widget elementor-widget-button\" data-id=\"c97656c\" data-element_type=\"widget\" data-e-type=\"widget\" data-widget_type=\"button.default\">\n\t\t\t\t\t\t\t\t\t\t<a class=\"elementor-button elementor-button-link elementor-size-sm\" href=\"#\">\n\t\t\t\t\t\t<span class=\"elementor-button-content-wrapper\">\n\t\t\t\t\t\t<span class=\"elementor-button-icon\">\n\t\t\t\t<svg aria-hidden=\"true\" class=\"e-font-icon-svg e-fas-arrow-right\" viewBox=\"0 0 448 512\" xmlns=\"http:\/\/www.w3.org\/2000\/svg\"><path d=\"M190.5 66.9l22.2-22.2c9.4-9.4 24.6-9.4 33.9 0L441 239c9.4 9.4 9.4 24.6 0 33.9L246.6 467.3c-9.4 9.4-24.6 9.4-33.9 0l-22.2-22.2c-9.5-9.5-9.3-25 .4-34.3L311.4 296H24c-13.3 0-24-10.7-24-24v-32c0-13.3 10.7-24 24-24h287.4L190.9 101.2c-9.8-9.3-10-24.8-.4-34.3z\"><\/path><\/svg>\t\t\t<\/span>\n\t\t\t\t\t\t\t\t<\/span>\n\t\t\t\t\t<\/a>\n\t\t\t\t\t\t\t\t<\/div>\n\t\t\t\t<\/div>\n\t\t\t\t<\/div>\n\t\t\t\t<\/div>\n\t\t<div class=\"elementor-element elementor-element-15fd175 e-con-full e-flex e-con e-parent\" data-id=\"15fd175\" data-element_type=\"container\" data-e-type=\"container\" data-settings=\"{&quot;background_background&quot;:&quot;classic&quot;,&quot;animation&quot;:&quot;none&quot;}\">\n\t\t<div class=\"elementor-element elementor-element-7c4679f e-con-full e-flex elementor-invisible e-con e-child\" data-id=\"7c4679f\" data-element_type=\"container\" data-e-type=\"container\" data-settings=\"{&quot;animation&quot;:&quot;fadeIn&quot;}\">\n\t\t\t\t<div class=\"elementor-element elementor-element-eecd81e elementor-widget elementor-widget-text-editor\" data-id=\"eecd81e\" data-element_type=\"widget\" data-e-type=\"widget\" data-widget_type=\"text-editor.default\">\n\t\t\t\t\t\t\t\t\t<p>conoce c\u00f3mo trabajamos en<\/p>\t\t\t\t\t\t\t\t<\/div>\n\t\t\t\t<div class=\"elementor-element elementor-element-369d662 elementor-widget elementor-widget-heading\" data-id=\"369d662\" data-element_type=\"widget\" data-e-type=\"widget\" data-widget_type=\"heading.default\">\n\t\t\t\t\t<h2 class=\"elementor-heading-title elementor-size-default\">Be Aesthetic.<\/h2>\t\t\t\t<\/div>\n\t\t<div class=\"elementor-element elementor-element-9a8af72 e-con-full e-flex e-con e-child\" data-id=\"9a8af72\" data-element_type=\"container\" data-e-type=\"container\" data-settings=\"{&quot;background_background&quot;:&quot;video&quot;,&quot;background_video_link&quot;:&quot;https:\\\/\\\/www.youtube.com\\\/watch?v=X0xbNUMZCvk&quot;,&quot;background_video_start&quot;:18,&quot;background_video_end&quot;:30}\">\n\t\t<div class=\"elementor-background-video-container elementor-hidden-mobile\">\n\t\t\t\t\t\t\t<div class=\"elementor-background-video-embed\" role=\"presentation\"><\/div>\n\t\t\t\t\t\t<\/div>\t\t<\/div>\n\t\t\t\t<\/div>\n\t\t\t\t<\/div>\n\t\t<div class=\"elementor-element elementor-element-5b859ed e-con-full e-flex e-con e-parent\" data-id=\"5b859ed\" data-element_type=\"container\" data-e-type=\"container\" data-settings=\"{&quot;background_background&quot;:&quot;classic&quot;,&quot;animation&quot;:&quot;none&quot;}\">\n\t\t<div class=\"elementor-element elementor-element-62d345c e-flex e-con-boxed elementor-invisible e-con e-child\" data-id=\"62d345c\" data-element_type=\"container\" data-e-type=\"container\" data-settings=\"{&quot;animation&quot;:&quot;fadeIn&quot;}\">\n\t\t\t\t\t<div class=\"e-con-inner\">\n\t\t\t\t<div class=\"elementor-element elementor-element-2cf2e3c elementor-widget elementor-widget-heading\" data-id=\"2cf2e3c\" data-element_type=\"widget\" data-e-type=\"widget\" data-widget_type=\"heading.default\">\n\t\t\t\t\t<h2 class=\"elementor-heading-title elementor-size-default\">Empieza hoy.<\/h2>\t\t\t\t<\/div>\n\t\t\t\t<div class=\"elementor-element elementor-element-5b1dbf3 elementor-widget elementor-widget-text-editor\" data-id=\"5b1dbf3\" data-element_type=\"widget\" data-e-type=\"widget\" data-widget_type=\"text-editor.default\">\n\t\t\t\t\t\t\t\t\t<p>No hay mejor inversi\u00f3n que tu salud.<\/p>\t\t\t\t\t\t\t\t<\/div>\n\t\t\t\t<div class=\"elementor-element elementor-element-3574a19 elementor-widget elementor-widget-button\" data-id=\"3574a19\" data-element_type=\"widget\" data-e-type=\"widget\" data-widget_type=\"button.default\">\n\t\t\t\t\t\t\t\t\t\t<a class=\"elementor-button elementor-button-link elementor-size-sm\" href=\"#\">\n\t\t\t\t\t\t<span class=\"elementor-button-content-wrapper\">\n\t\t\t\t\t\t\t\t\t<span class=\"elementor-button-text\">Agenda tu valoraci\u00f3n online <\/span>\n\t\t\t\t\t<\/span>\n\t\t\t\t\t<\/a>\n\t\t\t\t\t\t\t\t<\/div>\n\t\t\t\t\t<\/div>\n\t\t\t\t<\/div>\n\t\t\t\t<\/div>\n\t\t\t\t<\/div>\n\t\t\n    <div class=\"xs_social_share_widget xs_share_url after_content \t\tmain_content  wslu-style-1 wslu-share-box-shaped wslu-fill-colored wslu-none wslu-share-horizontal wslu-theme-font-no wslu-main_content\">\n\n\t\t\n        <ul>\n\t\t\t        <\/ul>\n    <\/div> \n","protected":false},"excerpt":{"rendered":"<p>TRANSFORMA TU CUERPO Y TU MENTE PROGRAMA INTEGRAL DE NUTRICI\u00d3N, ENTRENAMIENTO Y BIENESTAR. Comienza tu asesor\u00eda online Sin atajos, sin soluciones gen\u00e9ricas. Solo estrategias reales, dise\u00f1adas para ti. Basado en ciencia y resultados reales. Asesor\u00edas 100% online y personalizadas. Entrenamientos dise\u00f1ados para ti Equipo multidisciplinario. SIN ATAJOS, SIN SOLUCIONES GEN\u00c9RICAS. SOLO ESTRATEGIAS REALES, DISE\u00d1ADAS PARA [&hellip;]<\/p>\n","protected":false},"author":1,"featured_media":0,"parent":0,"menu_order":0,"comment_status":"closed","ping_status":"closed","template":"","meta":{"postBodyCss":"","postBodyMargin":[],"postBodyPadding":[],"postBodyBackground":{"backgroundType":"classic","gradient":""},"footnotes":""},"class_list":["post-284","page","type-page","status-publish","hentry"],"_links":{"self":[{"href":"https:\/\/beaesthetic.com.mx\/index.php?rest_route=\/wp\/v2\/pages\/284","targetHints":{"allow":["GET"]}}],"collection":[{"href":"https:\/\/beaesthetic.com.mx\/index.php?rest_route=\/wp\/v2\/pages"}],"about":[{"href":"https:\/\/beaesthetic.com.mx\/index.php?rest_route=\/wp\/v2\/types\/page"}],"author":[{"embeddable":true,"href":"https:\/\/beaesthetic.com.mx\/index.php?rest_route=\/wp\/v2\/users\/1"}],"replies":[{"embeddable":true,"href":"https:\/\/beaesthetic.com.mx\/index.php?rest_route=%2Fwp%2Fv2%2Fcomments&post=284"}],"version-history":[{"count":56,"href":"https:\/\/beaesthetic.com.mx\/index.php?rest_route=\/wp\/v2\/pages\/284\/revisions"}],"predecessor-version":[{"id":402,"href":"https:\/\/beaesthetic.com.mx\/index.php?rest_route=\/wp\/v2\/pages\/284\/revisions\/402"}],"wp:attachment":[{"href":"https:\/\/beaesthetic.com.mx\/index.php?rest_route=%2Fwp%2Fv2%2Fmedia&parent=284"}],"curies":[{"name":"wp","href":"https:\/\/api.w.org\/{rel}","templated":true}]}}